{"id":530,"date":"2020-02-01T13:45:53","date_gmt":"2020-02-01T12:45:53","guid":{"rendered":"https:\/\/www.nuviline.fr\/info\/?page_id=530"},"modified":"2021-10-25T19:57:09","modified_gmt":"2021-10-25T17:57:09","slug":"hydrolysat-de-collagene-marin-tout-savoir","status":"publish","type":"page","link":"https:\/\/www.nuviline.fr\/info\/hydrolysat-de-collagene-marin-tout-savoir\/","title":{"rendered":"Hydrolysat de collag\u00e8ne marin : tout savoir"},"content":{"rendered":"<p>Le collag\u00e8ne est une prot\u00e9ine naturellement pr\u00e9sente dans l\u2019organisme humain. Elle contribue \u00e0 assurer la tenue de la peau avec un effet anti-rel\u00e2chement important. Elle am\u00e9liore aussi la sant\u00e9 des <a href=\"https:\/\/www.nuviline.fr\/info\/le-collagene-marin-pour-les-articulations\/\">articulations<\/a>. Le vieillissement entra\u00eene en effet une diminution progressive de la quantit\u00e9 de collag\u00e8ne dans les tissus, ce qui explique qu\u2019ils sont moins bien hydrat\u00e9s et plus fins. Pour pallier cette diminution, il est aujourd\u2019hui possible d\u2019utiliser des <strong>compl\u00e9ments enrichis en collag\u00e8ne marin<\/strong>.<\/p>\n<p><img loading=\"lazy\" decoding=\"async\" class=\"alignnone size-full wp-image-532\" src=\"https:\/\/www.nuviline.fr\/info\/wp-content\/uploads\/2020\/02\/hydrolysat-de-collagene-tout-savoir.jpg\" alt=\"Hydrolysat de collag\u00e8ne\" width=\"1170\" height=\"780\" srcset=\"https:\/\/www.nuviline.fr\/info\/wp-content\/uploads\/2020\/02\/hydrolysat-de-collagene-tout-savoir.jpg 1170w, https:\/\/www.nuviline.fr\/info\/wp-content\/uploads\/2020\/02\/hydrolysat-de-collagene-tout-savoir-300x200.jpg 300w, https:\/\/www.nuviline.fr\/info\/wp-content\/uploads\/2020\/02\/hydrolysat-de-collagene-tout-savoir-1024x683.jpg 1024w, https:\/\/www.nuviline.fr\/info\/wp-content\/uploads\/2020\/02\/hydrolysat-de-collagene-tout-savoir-768x512.jpg 768w\" sizes=\"auto, (max-width: 1170px) 100vw, 1170px\" \/><\/p>\n<h2>Collag\u00e8ne et collag\u00e8ne marin : qu\u2019est-ce que c\u2019est ?<\/h2>\n<p>Il existe <strong>diff\u00e9rents types de collag\u00e8ne dans le corps humain<\/strong>.<\/p>\n<ul>\n<li>le <strong>collag\u00e8ne de type I<\/strong> est le plus abondant. Il se trouve dans la peau, les tendons et les tissus osseux.<\/li>\n<li>le <strong>collag\u00e8ne de type II<\/strong> se loge au niveau des cartilages.<\/li>\n<li>le <strong>collag\u00e8ne de type III<\/strong> est abondant dans les muscles et les parois des vaisseaux.<\/li>\n<\/ul>\n<p>Le <strong>collag\u00e8ne marin<\/strong> est, lui, r\u00e9alis\u00e9 \u00e0 partir de <strong>prot\u00e9ines<\/strong> que l\u2019on trouve dans la peau de poissons d\u2019eau de mer tels que la morue ou le saumon. Il poss\u00e8de une composition en <strong>acides amin\u00e9s<\/strong> qui rappelle fortement celle du collag\u00e8ne de l\u2019\u00eatre humain et se r\u00e9v\u00e8le d\u2019un grand int\u00e9r\u00eat dans le <strong>soin de la peau<\/strong>.<\/p>\n<p>En effet, du fait m\u00eame des proc\u00e9d\u00e9s utilis\u00e9s pour le cr\u00e9er, il a une <strong>tr\u00e8s forte biodisponibilit\u00e9<\/strong> et se trouve parfaitement assimil\u00e9 par les intestins. Les suppl\u00e9ments de collag\u00e8ne marin sont issus d\u2019une fabrication complexe que l\u2019on nomme <strong>hydrolyse<\/strong>. Cette derni\u00e8re est r\u00e9alis\u00e9e \u00e0 partir <strong>d\u2019\u00e9cailles, d\u2019ar\u00eates et de peau de poissons<\/strong>. Toutes les substances d\u2019origine marine sont d\u00e9compos\u00e9es pendant le processus et rendent la centrifugation possible pour le collag\u00e8ne qui va ensuite \u00eatre transform\u00e9 en <strong>hydrolysat de collag\u00e8ne marin<\/strong>.<\/p>\n<h2>Les avantages du collag\u00e8ne marin pour les articulations et la peau<\/h2>\n<p>Composant indispensable des tendons, des ligaments et des cartilages, le collag\u00e8ne peut entra\u00eener des <strong>douleurs articulaires<\/strong> lorsque sa concentration diminue. Il est possible de pallier ce probl\u00e8me en prenant des <strong>compl\u00e9ments riches en collag\u00e8ne marin<\/strong>. Gr\u00e2ce \u00e0 eux, les articulations restent souples et les sensations douloureuses r\u00e9gressent. Ce n\u2019est pas tout, la densit\u00e9 osseuse s\u2019am\u00e9liore, notamment dans les vert\u00e8bres ou le col du f\u00e9mur. Un <strong>vrai plus sant\u00e9<\/strong> pour les femmes qui peuvent, en vieillissant, souffrir d\u2019<a href=\"https:\/\/www.nuviline.fr\/info\/collagene-marin\/collagene-pour-l-osteoporose\/\">ost\u00e9oporose<\/a> et\/ou d&rsquo;<a href=\"https:\/\/www.nuviline.fr\/info\/le-collagene-marin-et-l-arthrose\/\">arthrose<\/a>.<\/p>\n<p>Le <a href=\"https:\/\/www.nuviline.fr\/info\/collagene-hydrolyse\/\">collag\u00e8ne hydrolys\u00e9<\/a> est dot\u00e9 d\u2019un <strong>fort pouvoir antioxydant<\/strong>. Il aide la peau \u00e0 se r\u00e9g\u00e9n\u00e9rer, \u00e0 conserver son hydratation et \u00e0 garder toute sa fermet\u00e9. C\u2019est un <strong>alli\u00e9 anti-rides pr\u00e9cieux<\/strong>. Il agit essentiellement de mani\u00e8re pr\u00e9ventive. Qu\u2019est-ce que cela veut dire ? Pour profiter de ses nombreux bienfaits, il ne faut pas h\u00e9siter \u00e0 <strong>commencer \u00e0 faire des cures d\u00e8s l\u2019\u00e2ge de 30 ou 40 ans<\/strong> et \u00e0 l\u2019associer avec de l\u2019<strong>acide hyaluronique<\/strong>. La combinaison des deux est intens\u00e9ment hydratante.<\/p>\n<h2>Comment choisir entre diff\u00e9rents compl\u00e9ments au d&rsquo;hydrolysat de collag\u00e8ne marin ?<\/h2>\n<p>Le collag\u00e8ne marin est disponible sous plusieurs formes. Vous pouvez le trouver <strong>en cr\u00e8me, en g\u00e9lules, et m\u00eame en poudre<\/strong>. Cette derni\u00e8re gal\u00e9nique vous permet de l\u2019ajouter \u00e0 des boissons ou \u00e0 des pr\u00e9parations de votre choix.<\/p>\n<p>Si vous souhaitez am\u00e9liorer l\u2019aspect de votre peau, utiliser une cr\u00e8me enrichie en collag\u00e8ne marin est une excellente id\u00e9e, mais pour une am\u00e9lioration plus g\u00e9n\u00e9rale de votre \u00e9tat, c\u2019est-\u00e0-dire pour influer autant sur les tissus cutan\u00e9s que sur les articulations et les sensations douloureuses qu\u2019elles peuvent provoquer, il vaut mieux opter pour un <strong>compl\u00e9ment alimentaire \u00e0 base d&rsquo;hydrolysat de collag\u00e8ne marin<\/strong>.<\/p>\n<p>Ces compl\u00e9ments sont pr\u00e9sent\u00e9s sous la forme de <a href=\"https:\/\/www.nuviline.fr\/info\/peptides-de-collagene-un-allie-en-musculation\/\"><strong>peptides hydrolys\u00e9s<\/strong><\/a> qui poss\u00e8dent un <strong>tr\u00e8s faible poids mol\u00e9culaire<\/strong>. Leur action est particuli\u00e8rement efficace, notamment en ce qui concerne l\u2019<strong>acc\u00e9l\u00e9ration du renouvellement cellulaire des tissus<\/strong>, surtout des <strong>tissus conjonctifs<\/strong>, et leur biocompatibilit\u00e9 est \u00e9tonnante. Ils se fondent ais\u00e9ment dans l\u2019<strong>organisme humain<\/strong>.<\/p>\n<h2>O\u00f9 acheter du collag\u00e8ne marin et comment l\u2019utiliser ?<\/h2>\n<p>Que ce soit sous forme de cr\u00e8me, de g\u00e9lules ou de poudre, il est assez facile de trouver des compl\u00e9ments au collag\u00e8ne marin. <strong>Les pharmacies, les parapharmacies, mais aussi Internet recensent de nombreux produits<\/strong>.<\/p>\n<p>Afin de b\u00e9n\u00e9ficier de tous les avantages de cette prot\u00e9ine, nous vous conseillons de l\u2019utiliser sous la forme de cures. <strong>Ces cures doivent durer entre deux et trois mois et doivent \u00eatre r\u00e9alis\u00e9es avec un collag\u00e8ne marin de haute qualit\u00e9<\/strong>. Propos\u00e9 en poudre, ce dernier est parfait pour obtenir la <strong>dose journali\u00e8re recommand\u00e9e de 10 grammes<\/strong>.<\/p>\n<p>Indispensable au bon fonctionnement de nombreux tissus, le collag\u00e8ne est un puit de jouvence. Afin de limiter les effets de sa diminution, rien ne vaut le collag\u00e8ne marin. Il favorise un meilleur renouvellement cellulaire, hydrate et assouplit en profondeur. Gr\u00e2ce \u00e0 lui, <strong>l\u2019\u00e2ge devient plus doux<\/strong>.<\/p>\n","protected":false},"excerpt":{"rendered":"<p>Le collag\u00e8ne est une prot\u00e9ine naturellement pr\u00e9sente dans l\u2019organisme humain. Elle contribue \u00e0 assurer la tenue de la peau avec un effet anti-rel\u00e2chement important. Elle am\u00e9liore aussi la sant\u00e9 des articulations. Le vieillissement entra\u00eene en effet une diminution progressive de la quantit\u00e9 de collag\u00e8ne dans les tissus, ce qui explique qu\u2019ils sont moins bien hydrat\u00e9s [&hellip;]<\/p>\n","protected":false},"author":1,"featured_media":532,"parent":41,"menu_order":2,"comment_status":"closed","ping_status":"closed","template":"page-coll.php","meta":{"_seopress_robots_primary_cat":"","_seopress_titles_title":"Hydrolysat de collag\u00e8ne marin, tout savoir : Peau, articulations, cheveux","_seopress_titles_desc":"Vous ne connaissez pas l&#039;hydrolysat de colag\u00e8ne marin ? A quoi \u00e7a sert ? Lequel acheter ? On vous explique tout dans cet article.","_seopress_robots_index":"","footnotes":""},"class_list":["post-530","page","type-page","status-publish","has-post-thumbnail","hentry"],"_links":{"self":[{"href":"https:\/\/www.nuviline.fr\/info\/wp-json\/wp\/v2\/pages\/530","targetHints":{"allow":["GET"]}}],"collection":[{"href":"https:\/\/www.nuviline.fr\/info\/wp-json\/wp\/v2\/pages"}],"about":[{"href":"https:\/\/www.nuviline.fr\/info\/wp-json\/wp\/v2\/types\/page"}],"author":[{"embeddable":true,"href":"https:\/\/www.nuviline.fr\/info\/wp-json\/wp\/v2\/users\/1"}],"replies":[{"embeddable":true,"href":"https:\/\/www.nuviline.fr\/info\/wp-json\/wp\/v2\/comments?post=530"}],"version-history":[{"count":13,"href":"https:\/\/www.nuviline.fr\/info\/wp-json\/wp\/v2\/pages\/530\/revisions"}],"predecessor-version":[{"id":785,"href":"https:\/\/www.nuviline.fr\/info\/wp-json\/wp\/v2\/pages\/530\/revisions\/785"}],"up":[{"embeddable":true,"href":"https:\/\/www.nuviline.fr\/info\/wp-json\/wp\/v2\/pages\/41"}],"wp:featuredmedia":[{"embeddable":true,"href":"https:\/\/www.nuviline.fr\/info\/wp-json\/wp\/v2\/media\/532"}],"wp:attachment":[{"href":"https:\/\/www.nuviline.fr\/info\/wp-json\/wp\/v2\/media?parent=530"}],"curies":[{"name":"wp","href":"https:\/\/api.w.org\/{rel}","templated":true}]}}