{"id":460,"date":"2019-07-13T11:07:36","date_gmt":"2019-07-13T09:07:36","guid":{"rendered":"https:\/\/www.nuviline.fr\/info\/?page_id=460"},"modified":"2020-10-06T12:22:30","modified_gmt":"2020-10-06T10:22:30","slug":"collagene-marin-et-acide-hyaluronique-deux-allies-anti-age-efficaces","status":"publish","type":"page","link":"https:\/\/www.nuviline.fr\/info\/collagene-marin-et-acide-hyaluronique-deux-allies-anti-age-efficaces\/","title":{"rendered":"Collag\u00e8ne marin et acide hyaluronique : deux alli\u00e9s anti-\u00e2ge efficaces"},"content":{"rendered":"<h2>Des mol\u00e9cules qui agissent contre le vieillissement de la peau<\/h2>\n<p>Qu&rsquo;il s&rsquo;agisse d&rsquo;une exposition prolong\u00e9e au soleil, du stress oxydatif, de la pollution ou du tabac, nombre de facteurs peuvent favoriser l&rsquo;apparition des rides. Pour tenter de retarder les effets du vieillissement cutan\u00e9, une suppl\u00e9mentation \u00e0 base de collag\u00e8ne et d&rsquo;<strong>acide hyaluronique<\/strong> (ou sodium hyaluronate) peut s&rsquo;av\u00e9rer fort utile. Gr\u00e2ce \u00e0 leur effet anti-\u00e2ge, ces deux substances aident \u00e0 maintenir la souplesse et la fermet\u00e9 des tissus cutan\u00e9s. Naturellement pr\u00e9sents dans le corps humain, le collag\u00e8ne et le sodium hyaluronate sont deux substances indispensables \u00e0 notre sant\u00e9. Elles jouent un r\u00f4le de premier plan dans la formation du cartilage, des os ainsi que des tissus cutan\u00e9s. Avec l&rsquo;\u00e2ge leur production diminue et les tissus cutan\u00e9s ont tendance \u00e0 se rel\u00e2cher. C&rsquo;est pourquoi, un apport ext\u00e9rieur sous forme de compl\u00e9ment alimentaire constitue la solution la plus pertinente pour combler toute carence et pr\u00e9server la beaut\u00e9 ainsi que la jeunesse de la peau.<\/p>\n<p><img loading=\"lazy\" decoding=\"async\" class=\"alignnone size-large wp-image-575\" src=\"https:\/\/www.nuviline.fr\/info\/wp-content\/uploads\/2020\/06\/complement-anti-age-collagene-acide-hyaluronique-1024x679.jpg\" alt=\"Collag\u00e8ne et acide hyaluronique\" width=\"1024\" height=\"679\" srcset=\"https:\/\/www.nuviline.fr\/info\/wp-content\/uploads\/2020\/06\/complement-anti-age-collagene-acide-hyaluronique-1024x679.jpg 1024w, https:\/\/www.nuviline.fr\/info\/wp-content\/uploads\/2020\/06\/complement-anti-age-collagene-acide-hyaluronique-300x199.jpg 300w, https:\/\/www.nuviline.fr\/info\/wp-content\/uploads\/2020\/06\/complement-anti-age-collagene-acide-hyaluronique-768x509.jpg 768w, https:\/\/www.nuviline.fr\/info\/wp-content\/uploads\/2020\/06\/complement-anti-age-collagene-acide-hyaluronique.jpg 1170w\" sizes=\"auto, (max-width: 1024px) 100vw, 1024px\" \/><\/p>\n<h2>Les vertus du collag\u00e8ne marin<\/h2>\n<p>Des cartilages aux tissus conjonctifs, en passant par la peau et les ligaments, le collag\u00e8ne est pr\u00e9sent dans l&rsquo;ensemble des structures du corps dont il assure l&rsquo;\u00e9lasticit\u00e9 et la coh\u00e9sion. Apr\u00e8s 40 ans, la production de collag\u00e8ne par l&rsquo;organisme a tendance \u00e0 r\u00e9gresser. Cela se traduit par une peau moins ferme, des cheveux et des ongles fragilis\u00e9s, une usure des cartilages, etc. Pour y rem\u00e9dier, la meilleure solution consiste \u00e0 utiliser un compl\u00e9ment alimentaire enrichi en vitamines et en collag\u00e8ne. Issu des prot\u00e9ines pr\u00e9sentes dans la peau de certaines esp\u00e8ces de poissons telles que le saumon ou la morue, le <a href=\"https:\/\/www.nuviline.fr\/info\/le-collagene-marin-pour-la-peau\/\"><strong>collag\u00e8ne marin<\/strong><\/a> est le plus proche de celui produit par le corps humain. Une r\u00e9cente \u00e9tude scientifique men\u00e9e par le CPCAD (Centre de Recherche Clinique en Dermatologie) de Nice a montr\u00e9 les effets b\u00e9n\u00e9fiques de cette substance sur la peau. Apr\u00e8s avoir consomm\u00e9 quotidiennement pendant douze semaines du collag\u00e8ne extrait de poissons, les patients ont vu leur \u00e9piderme mieux hydrat\u00e9 dans 22,8 % des cas. Pr\u00e8s de 28 % des personnes ayant effectu\u00e9 le test ont \u00e9galement relev\u00e9 une meilleure \u00e9lasticit\u00e9 de leur peau. D&rsquo;apr\u00e8s les r\u00e9sultats de l&rsquo;exp\u00e9rience, prendre au quotidien une g\u00e9lule de collag\u00e8ne dit marin avec un verre d&rsquo;eau favoriserait la lutte contre les rides et le vieillissement de la peau.<\/p>\n<h2>Les propri\u00e9t\u00e9s anti-rides de l&rsquo;acide hyaluronique<\/h2>\n<p>L&rsquo;<a href=\"https:\/\/www.nuviline.fr\/info\/acide-hyaluronique-quels-bienfaits\/\">acide hyaluronique<\/a> est une mol\u00e9cule naturellement pr\u00e9sente dans plusieurs tissus du corps dont les cartilages et l&rsquo;\u00e9piderme. Il est reconnu pour sa capacit\u00e9 \u00e0 retenir l&rsquo;eau pr\u00e9sente dans la peau. Il permet notamment de :<\/p>\n<ul>\n<li>maintenir les tissus cutan\u00e9s bien hydrat\u00e9s<\/li>\n<li>estomper les rides et ridules<\/li>\n<li>favoriser la synth\u00e8se du collag\u00e8ne<\/li>\n<li>intervenir au niveau des rides d&rsquo;expression pour les rendre moins apparentes<\/li>\n<\/ul>\n<p>Il est aujourd&rsquo;hui possible de synth\u00e9tiser l&rsquo;<strong>acide hyaluronique<\/strong> \u00e0 partir de substance d&rsquo;origine v\u00e9g\u00e9tale telle que le bl\u00e9. Bien que naturel et bio, ce produit anti-\u00e2ge obtenu par fermentation bact\u00e9rienne a cependant tendance \u00e0 se d\u00e9grader dans le temps et ne procure pas un effet permanent. Notez que le sodium hyaluronate est \u00e9galement pr\u00e9sent dans certains aliments riches en g\u00e9latine dont la t\u00eate de veau, les tripes ou l&rsquo;andouillette.<\/p>\n<h2>Deux substances \u00e0 l&rsquo;effet compl\u00e9mentaire<\/h2>\n<p>Le collag\u00e8ne et le hyaluronate de sodium ont une action simultan\u00e9e. Naturellement pr\u00e9sentes au sein du derme, ces deux mol\u00e9cules agissent de concert pour pr\u00e9server la sant\u00e9 et la jeunesse de la peau :<\/p>\n<ul>\n<li>Gr\u00e2ce \u00e0 sa capacit\u00e9 \u00e0 stocker l&rsquo;eau, le hyaluronate de sodium permet de maintenir un taux d&rsquo;hydratation optimal et de combler les rides du visage.<\/li>\n<li>Prot\u00e9ine dont la peau est constitu\u00e9e \u00e0 hauteur de 80 %, le collag\u00e8ne est indispensable \u00e0 la r\u00e9g\u00e9n\u00e9ration des tissus cutan\u00e9s et pr\u00e9serve leur souplesse ainsi que leur tonicit\u00e9.<\/li>\n<\/ul>\n<p>Selon l&rsquo;avis des scientifiques, prendre des comprim\u00e9s enrichis en collag\u00e8ne issu des produits de la mer (<a href=\"https:\/\/www.nuviline.fr\/info\/qu-est-ce-que-le-collagene-marin\/\">Qu&rsquo;est-ce que le collag\u00e8ne marin ?<\/a>) ainsi qu&rsquo;en sodium hyaluronate permettrait de lisser et de revitaliser la peau tout en luttant contre les radicaux libres. Pour une bonne utilisation compl\u00e9mentaire de ces deux substances, il est conseill\u00e9 de boire r\u00e9guli\u00e8rement de l&rsquo;eau en quantit\u00e9 importante. La peau du visage para\u00eetra ainsi plus jeune et plus ferme.<\/p>\n","protected":false},"excerpt":{"rendered":"<p>Des mol\u00e9cules qui agissent contre le vieillissement de la peau Qu&rsquo;il s&rsquo;agisse d&rsquo;une exposition prolong\u00e9e au soleil, du stress oxydatif, de la pollution ou du tabac, nombre de facteurs peuvent favoriser l&rsquo;apparition des rides. Pour tenter de retarder les effets du vieillissement cutan\u00e9, une suppl\u00e9mentation \u00e0 base de collag\u00e8ne et d&rsquo;acide hyaluronique (ou sodium hyaluronate) [&hellip;]<\/p>\n","protected":false},"author":1,"featured_media":575,"parent":39,"menu_order":0,"comment_status":"closed","ping_status":"closed","template":"page-coll.php","meta":{"_seopress_robots_primary_cat":"","_seopress_titles_title":"Collag\u00e8ne marin et acide hyaluronique, anti-\u00e2ge","_seopress_titles_desc":"Pour tenter de retarder les effets du vieillissement cutan\u00e9, une suppl\u00e9mentation \u00e0 base de collag\u00e8ne et d&#039;acide hyaluronique (ou sodium hyaluronate) peut s&#039;av\u00e9rer fort utile.","_seopress_robots_index":"","footnotes":""},"class_list":["post-460","page","type-page","status-publish","has-post-thumbnail","hentry"],"_links":{"self":[{"href":"https:\/\/www.nuviline.fr\/info\/wp-json\/wp\/v2\/pages\/460","targetHints":{"allow":["GET"]}}],"collection":[{"href":"https:\/\/www.nuviline.fr\/info\/wp-json\/wp\/v2\/pages"}],"about":[{"href":"https:\/\/www.nuviline.fr\/info\/wp-json\/wp\/v2\/types\/page"}],"author":[{"embeddable":true,"href":"https:\/\/www.nuviline.fr\/info\/wp-json\/wp\/v2\/users\/1"}],"replies":[{"embeddable":true,"href":"https:\/\/www.nuviline.fr\/info\/wp-json\/wp\/v2\/comments?post=460"}],"version-history":[{"count":13,"href":"https:\/\/www.nuviline.fr\/info\/wp-json\/wp\/v2\/pages\/460\/revisions"}],"predecessor-version":[{"id":698,"href":"https:\/\/www.nuviline.fr\/info\/wp-json\/wp\/v2\/pages\/460\/revisions\/698"}],"up":[{"embeddable":true,"href":"https:\/\/www.nuviline.fr\/info\/wp-json\/wp\/v2\/pages\/39"}],"wp:featuredmedia":[{"embeddable":true,"href":"https:\/\/www.nuviline.fr\/info\/wp-json\/wp\/v2\/media\/575"}],"wp:attachment":[{"href":"https:\/\/www.nuviline.fr\/info\/wp-json\/wp\/v2\/media?parent=460"}],"curies":[{"name":"wp","href":"https:\/\/api.w.org\/{rel}","templated":true}]}}