{"id":39,"date":"2018-08-06T16:35:44","date_gmt":"2018-08-06T14:35:44","guid":{"rendered":"https:\/\/www.nuviline.fr\/info\/?page_id=39"},"modified":"2025-05-23T14:51:17","modified_gmt":"2025-05-23T12:51:17","slug":"le-collagene-marin-pour-la-peau","status":"publish","type":"page","link":"https:\/\/www.nuviline.fr\/info\/le-collagene-marin-pour-la-peau\/","title":{"rendered":"Le collag\u00e8ne marin pour la peau"},"content":{"rendered":"<p>Le collag\u00e8ne est pr\u00e9sent dans tous les tissus de l\u2019organisme, et sa concentration est la plus importante dans la peau o\u00f9 il assure soutien et bonne tenue.<br \/>\nCependant, sous l&rsquo;effet de l\u2019avanc\u00e9e en \u00e2ge et du vieillissement, la quantit\u00e9 de collag\u00e8ne pr\u00e9sente dans le corps et les tissus diminue progressivement, de l\u2019ordre de moins 1,5% \u00e0 partir de 25 ans (soit environ 1\/3 de collag\u00e8ne en moins \u00e0 45 ans).<\/p>\n<p>Ceci entra\u00eene une perte d&rsquo;hydratation et un amincissement de la peau dommageable car celle-ci devient alors plus fragile, plus s\u00e8che, moins \u00e9lastique et sujette \u00e0 l&rsquo;apparition des premi\u00e8res rides. Perdant \u00e9galement son r\u00f4le de barri\u00e8re de protection contre les agressions ext\u00e9rieures que sont le soleil et les UV, le froid, le vent\u2026 la peau vieillit encore plus vite.<br \/>\nNous allons d\u00e9couvrir dans cet article, les <a href=\"https:\/\/www.nuviline.fr\/info\/collagene-marin\/\">bienfaits du collag\u00e8ne marin<\/a>, notamment sur la peau.<\/p>\n<p><img loading=\"lazy\" decoding=\"async\" class=\"alignnone wp-image-121\" src=\"https:\/\/www.nuviline.fr\/info\/wp-content\/uploads\/2018\/08\/collagene-marin-peau-femme.jpg\" alt=\"Collag\u00e8ne marin pour la peau\" width=\"871\" height=\"315\" srcset=\"https:\/\/www.nuviline.fr\/info\/wp-content\/uploads\/2018\/08\/collagene-marin-peau-femme.jpg 1200w, https:\/\/www.nuviline.fr\/info\/wp-content\/uploads\/2018\/08\/collagene-marin-peau-femme-300x109.jpg 300w, https:\/\/www.nuviline.fr\/info\/wp-content\/uploads\/2018\/08\/collagene-marin-peau-femme-768x278.jpg 768w, https:\/\/www.nuviline.fr\/info\/wp-content\/uploads\/2018\/08\/collagene-marin-peau-femme-1024x370.jpg 1024w\" sizes=\"auto, (max-width: 871px) 100vw, 871px\" \/><\/p>\n<h2>Le collag\u00e8ne marin, un anti-\u00e2ge efficace<\/h2>\n<p>Le collag\u00e8ne de type 1 est la forme la plus abondante de collag\u00e8ne dans notre peau et les niveaux s&rsquo;\u00e9puisent rapidement en raison des processus de vieillissement intrins\u00e8que et extrins\u00e8que.<br \/>\nLe fait de fournir \u00e0 l&rsquo;organisme une source nutritionnelle de collag\u00e8ne biodisponible de type 1 permettra de reconstituer les r\u00e9serves de collag\u00e8ne dans le derme et d&rsquo;aider \u00e0 renforcer l&rsquo;\u00e9quilibre naturel de la peau.<br \/>\nC&rsquo;est l\u00e0 que le <strong>collag\u00e8ne marin<\/strong>,\u00a0 extrait de ressources marines gr\u00e2ce \u00e0 un proc\u00e9d\u00e9 complexe et innovant, a un r\u00f4le majeur. Propos\u00e9 sous une forme de <strong>peptides hydrolys\u00e9s<\/strong> parfaitement assimilables et p\u00e9n\u00e9trant facilement les tissus, son effet anti-\u00e2ge n&rsquo;est plus \u00e0 d\u00e9montrer.<br \/>\nEn effet, il contribue \u00e0 renforcer, r\u00e9parer et soutenir la r\u00e9g\u00e9n\u00e9ration spontan\u00e9e de la peau en relan\u00e7ant la synth\u00e8se endog\u00e8ne, c\u2019est-\u00e0-dire par notre corps lui-m\u00eame. (En savoir plus : <a href=\"https:\/\/www.nuviline.fr\/info\/qu-est-ce-que-le-collagene-marin\/\">Qu&rsquo;est-ce que le collag\u00e8ne marin ?<\/a>)<\/p>\n<blockquote><p>Ainsi on comprend ais\u00e9ment qu\u2019un apport en collag\u00e8ne ext\u00e9rieur et suppl\u00e9mentaire va aider \u00e0 renforcer notre peau et \u00e0 <strong>pr\u00e9venir le vieillissement acc\u00e9l\u00e9r\u00e9<\/strong>.<\/p><\/blockquote>\n<p>Il est propos\u00e9 dans les cr\u00e8mes cosm\u00e9tiques, en g\u00e9lules dans les compl\u00e9ments alimentaires, parfois <a href=\"https:\/\/www.nuviline.fr\/info\/collagene-marin-et-acide-hyaluronique-deux-allies-anti-age-efficaces\/\">associ\u00e9 \u00e0 l&rsquo;acide hyaluronique<\/a>.<br \/>\nMais il est \u00e9galement depuis peu propos\u00e9 comme <strong>ingr\u00e9dient en poudre<\/strong> au go\u00fbt neutre pour enrichir facilement des boissons, plats ou pr\u00e9parations alimentaires du quotidien.<\/p>\n<p>Pour preuve des \u00e9tudes r\u00e9alis\u00e9es avec une suppl\u00e9mentation de <strong>10 g par jour de peptides de collag\u00e8ne marin<\/strong> ont, par exemple, montr\u00e9 :<\/p>\n<ul>\n<li>une am\u00e9lioration significative de l\u2019hydratation de la peau (+23%),<\/li>\n<li>une augmentation de l\u2019\u00e9lasticit\u00e9 (+24%)<\/li>\n<li>ainsi qu\u2019une diminution significative des rides (-9%).<\/li>\n<\/ul>\n<p>En compl\u00e9ment d\u2019une alimentation saine (cf. <a href=\"https:\/\/www.nuviline.fr\/info\/collagene-et-alimentation\/\">Les aliments riches en collag\u00e8ne<\/a>), le suivi de ces \u00e9tudes a \u00e9t\u00e9 de 3 mois, avec des <strong>r\u00e9sultats visibles d\u00e8s 1,5 mois<\/strong>.<\/p>\n<p>D\u2019autres \u00e9tudes ont montr\u00e9 qu\u2019une <strong>suppl\u00e9mentation en collag\u00e8ne<\/strong> permettait la r\u00e9duction de la cellulite, une meilleure pousse des ongles, des cheveux (cf. <a href=\"https:\/\/www.nuviline.fr\/info\/collagene-marin\/collagene-une-source-de-jouvence-pour-les-cheveux\/\">collag\u00e8ne marin pour les cheveux<\/a>) en meilleure sant\u00e9 ainsi qu&rsquo;une r\u00e9duction des douleurs au niveau des douleurs articulaires (cf. <a href=\"https:\/\/www.nuviline.fr\/info\/le-collagene-marin-pour-les-articulations\/\">collag\u00e8ne marin pour les articulations<\/a>)<\/p>\n<blockquote><p>En bref que des effets positifs sur la bonne sant\u00e9 de la peau et sur une jeunesse prolong\u00e9e.<\/p><\/blockquote>\n<p>&nbsp;<\/p>\n","protected":false},"excerpt":{"rendered":"<p>Le collag\u00e8ne est pr\u00e9sent dans tous les tissus de l\u2019organisme, et sa concentration est la plus importante dans la peau o\u00f9 il assure soutien et bonne tenue. Cependant, sous l&rsquo;effet de l\u2019avanc\u00e9e en \u00e2ge et du vieillissement, la quantit\u00e9 de collag\u00e8ne pr\u00e9sente dans le corps et les tissus diminue progressivement, de l\u2019ordre de moins 1,5% [&hellip;]<\/p>\n","protected":false},"author":1,"featured_media":0,"parent":28,"menu_order":1,"comment_status":"closed","ping_status":"closed","template":"page-coll.php","meta":{"_seopress_robots_primary_cat":"","_seopress_titles_title":"","_seopress_titles_desc":"","_seopress_robots_index":"","footnotes":""},"class_list":["post-39","page","type-page","status-publish","hentry"],"_links":{"self":[{"href":"https:\/\/www.nuviline.fr\/info\/wp-json\/wp\/v2\/pages\/39","targetHints":{"allow":["GET"]}}],"collection":[{"href":"https:\/\/www.nuviline.fr\/info\/wp-json\/wp\/v2\/pages"}],"about":[{"href":"https:\/\/www.nuviline.fr\/info\/wp-json\/wp\/v2\/types\/page"}],"author":[{"embeddable":true,"href":"https:\/\/www.nuviline.fr\/info\/wp-json\/wp\/v2\/users\/1"}],"replies":[{"embeddable":true,"href":"https:\/\/www.nuviline.fr\/info\/wp-json\/wp\/v2\/comments?post=39"}],"version-history":[{"count":12,"href":"https:\/\/www.nuviline.fr\/info\/wp-json\/wp\/v2\/pages\/39\/revisions"}],"predecessor-version":[{"id":891,"href":"https:\/\/www.nuviline.fr\/info\/wp-json\/wp\/v2\/pages\/39\/revisions\/891"}],"up":[{"embeddable":true,"href":"https:\/\/www.nuviline.fr\/info\/wp-json\/wp\/v2\/pages\/28"}],"wp:attachment":[{"href":"https:\/\/www.nuviline.fr\/info\/wp-json\/wp\/v2\/media?parent=39"}],"curies":[{"name":"wp","href":"https:\/\/api.w.org\/{rel}","templated":true}]}}