{"id":321,"date":"2018-12-22T20:19:52","date_gmt":"2018-12-22T19:19:52","guid":{"rendered":"https:\/\/www.nuviline.fr\/info\/?page_id=321"},"modified":"2018-12-23T13:13:37","modified_gmt":"2018-12-23T12:13:37","slug":"proteines-vegetales-et-musculation","status":"publish","type":"page","link":"https:\/\/www.nuviline.fr\/info\/proteines-vegetales-et-musculation\/","title":{"rendered":"Prot\u00e9ines v\u00e9g\u00e9tales et musculation"},"content":{"rendered":"<p><strong>\u00catre v\u00e9g\u00e9tarien ou vegan et pratiquer la musculation <\/strong>vous semble\u2026 compliqu\u00e9\u00a0?<br \/>\nSavez-vous que les <a href=\"https:\/\/www.nuviline.fr\/info\/les-proteines-vegetales-alternative-aux-proteines-animales\/\">prot\u00e9ines v\u00e9g\u00e9tales<\/a> sont aussi efficaces que les prot\u00e9ines d\u2019origine animale\u00a0? D\u00e9couvrez la quantit\u00e9 \u00e0 prendre et quelles prot\u00e9ines v\u00e9g\u00e9tales choisir pour votre musculation.<\/p>\n<h2>Prendre du muscle gr\u00e2ce aux prot\u00e9ines v\u00e9g\u00e9tales, c\u2019est possible\u00a0?<\/h2>\n<p><strong>\u00a0<\/strong>\u00catre v\u00e9g\u00e9tarien\/v\u00e9g\u00e9talien et d\u00e9velopper sa masse musculaire est tout \u00e0 fait possible. De nombreux grands sportifs et m\u00eame des bodybuilders ne consomment que des prot\u00e9ines v\u00e9g\u00e9tales. Parmi eux, peut-\u00eatre avez-vous d\u00e9j\u00e0 entendu parler des s\u0153urs Williams,\u00a0v\u00e9g\u00e9taliennes, ou de Scott Jurek, ultra-marathonien, parmi les plus connus\u00a0? Parmi les bodybuilders, on retrouve Patrick Baboumian, surnomm\u00e9 <strong>\u00ab\u00a0l\u2019homme le plus fort du monde\u00a0\u00bb<\/strong> Torre Washington ou Jon Venus.<\/p>\n<h2>Les besoins en prot\u00e9ines dans le cadre de la musculation<\/h2>\n<h3>Pourquoi plus de prot\u00e9ines\u00a0?<\/h3>\n<p>Dans le cadre d\u2019une pratique intensive de la musculation (prise de masse ou s\u00e8che), il est important d\u2019<strong>augmenter sa consommation de prot\u00e9ines<\/strong>, que ce soit \u00e0 travers des aliments riches en prot\u00e9ines ou \u00e0 travers des compl\u00e9ments prot\u00e9in\u00e9s. En effet, les muscles ont besoin de prot\u00e9ines pour se constituer, \u00eatre r\u00e9sistants et se reconstruire apr\u00e8s l\u2019effort.<\/p>\n<p><img loading=\"lazy\" decoding=\"async\" class=\"alignnone size-full wp-image-346\" src=\"https:\/\/www.nuviline.fr\/info\/wp-content\/uploads\/2018\/12\/musculation-proteines-vegetales.jpg\" alt=\"Musculation et prot\u00e9ines v\u00e9g\u00e9tales\" width=\"870\" height=\"580\" srcset=\"https:\/\/www.nuviline.fr\/info\/wp-content\/uploads\/2018\/12\/musculation-proteines-vegetales.jpg 870w, https:\/\/www.nuviline.fr\/info\/wp-content\/uploads\/2018\/12\/musculation-proteines-vegetales-300x200.jpg 300w, https:\/\/www.nuviline.fr\/info\/wp-content\/uploads\/2018\/12\/musculation-proteines-vegetales-768x512.jpg 768w\" sizes=\"auto, (max-width: 870px) 100vw, 870px\" \/><\/p>\n<h3>Combien de grammes de prot\u00e9ines par jour\u00a0?<\/h3>\n<p>Afin d\u2019apporter assez de prot\u00e9ines aux muscles lors de s\u00e9ances de musculation, il est conseill\u00e9 d\u2019avoir une <strong>consommation quotidienne de 1,1 \u00e0 2,1g\/kg<\/strong>, pour une pratique intensive. L\u2019apport prot\u00e9in\u00e9 doit \u00eatre fait au quotidien lors de la p\u00e9riode de prise musculaire, et r\u00e9parti entre 3 et 5 repas. On compte parmi ces repas les collations \u00e0 prendre en milieu de matin\u00e9e et d\u2019apr\u00e8s-midi.<\/p>\n<p>Il est int\u00e9ressant de prendre un apport prot\u00e9in\u00e9 juste apr\u00e8s l\u2019entrainement, dans ce qu\u2019on appelle la \u00ab\u00a0fen\u00eatre m\u00e9tabolique\u00a0\u00bb qui durerait au maximum 2h.<\/p>\n<h2>De quelles prot\u00e9ines avons-nous besoin\u00a0?<\/h2>\n<p>En plus de la quantit\u00e9 de prot\u00e9ines au quotidien, leur teneur en acides amin\u00e9s doit \u00eatre observ\u00e9e. Les acides amin\u00e9s sont les constituants des prot\u00e9ines. Ce sont pr\u00e9cis\u00e9ment eux qui agissent dans notre organisme. Certains, que l\u2019on nomme acides amin\u00e9s essentiels ne peuvent \u00eatre synth\u00e9tis\u00e9s par l\u2019organisme qu\u2019\u00e0 travers leur digestion. Ils doivent donc venir de l\u2019alimentation.<\/p>\n<p>Au nombre de 8, ces acides amin\u00e9s essentiels sont\u00a0: l\u2019isoleucine, la leucine, la lysine, la m\u00e9thionine, la ph\u00e9nylalanine, la thr\u00e9onine, le tryptophane et la valine. <strong>Les acides amin\u00e9s ont chacun une particularit\u00e9 et une action sp\u00e9cifique sur le corps et l&rsquo;organisme<\/strong>.<\/p>\n<h2>Obtenir tous les acides amin\u00e9s \u00e0 travers un apport prot\u00e9in\u00e9 uniquement v\u00e9g\u00e9tal<\/h2>\n<h3>Combiner les sources de prot\u00e9ines v\u00e9g\u00e9tales<\/h3>\n<p>Les sources de prot\u00e9ines v\u00e9g\u00e9tales ont des <strong>acides amin\u00e9s limitants<\/strong>, c\u2019est-\u00e0-dire qu\u2019elles peuvent manquer de certains acides amin\u00e9s dans leur constitution. C\u2019est notamment le cas des c\u00e9r\u00e9ales, pauvres en lysine et des l\u00e9gumineuses, pauvres en m\u00e9thionine. Cependant, afin de pallier cette difficult\u00e9, il suffit de consommer ces deux types d\u2019aliments dans la m\u00eame journ\u00e9e. A noter que le soja contient tous les acides amin\u00e9s dont le corps ait besoin.<\/p>\n<p><strong>Liste des aliments riches en lysine ou en m\u00e9thionine\u00a0:<\/strong><\/p>\n<ul>\n<li>La\u00a0<strong>lysine<\/strong>\u00a0se trouve dans les lentilles, les carottes, le chou-fleur, les pommes de terre, les haricots verts et les haricots secs, le riz complet, les fruits\u00a0: pommes, fraises, oranges, le germe de bl\u00e9, la farine de soja, la levure de bi\u00e8re.<\/li>\n<li>La\u00a0<strong>m\u00e9thionine<\/strong>\u00a0se trouve dans le chou-fleur, les carottes, les pommes de terre, les choux,\u00a0les noix, le ma\u00efs complet, le riz complet, l\u2019orge compl\u00e8te, l\u2019avoine compl\u00e8te, la farine de bl\u00e9, la farine de soja, la levure de bi\u00e8re, le germe de bl\u00e9.<\/li>\n<\/ul>\n<h3>Prendre des compl\u00e9ments prot\u00e9in\u00e9s v\u00e9g\u00e9taux<\/h3>\n<p>Si malgr\u00e9 une alimentation faisant la part belle aux prot\u00e9ines (animales ou v\u00e9g\u00e9tales), vous n\u2018atteignez toujours pas votre \u00ab\u00a0quota\u00a0\u00bb ou si vous manquez de temps, il est possible voire recommand\u00e9 de prendre des compl\u00e9ments alimentaires dits <strong>hyperprot\u00e9in\u00e9s<\/strong>.<\/p>\n<p>La prot\u00e9ine whey ou de cas\u00e9ine (issues du lait) sont les plus connues, mais il existe des <a href=\"https:\/\/www.nuviline.fr\/info\/bien-choisir-ses-proteines-vegetales-en-poudre\/\">prot\u00e9ines v\u00e9g\u00e9tales en poudre<\/a> tout aussi efficaces. On notera <strong>la prot\u00e9ine de soja, de pois, de chanvre, de riz ou de graines de courge<\/strong>. Propos\u00e9es sous forme de poudre ou de barres hyperprot\u00e9in\u00e9es, elles permettent d\u2019assimiler 10 \u00e0 20g de prot\u00e9ines en un court d\u00e9lai.<\/p>\n<h3>Prendre des acides amin\u00e9s vegan<\/h3>\n<p>Certains sportifs, pratiquant la musculation intens\u00e9ment, souhaitent augmenter leurs performances. Cela est possible gr\u00e2ce \u00e0 une <strong>suppl\u00e9mentation en acides amin\u00e9s.<\/strong> Parmi les acides amin\u00e9s les plus utilis\u00e9s, on retrouve la leucine, l\u2019isoleucine et la valine (les BCCA). Ces acides amin\u00e9s, vendus sous forme de poudre, peuvent \u00eatre <strong>vegan<\/strong>.<\/p>\n","protected":false},"excerpt":{"rendered":"<p>\u00catre v\u00e9g\u00e9tarien ou vegan et pratiquer la musculation vous semble\u2026 compliqu\u00e9\u00a0? Savez-vous que les prot\u00e9ines v\u00e9g\u00e9tales sont aussi efficaces que les prot\u00e9ines d\u2019origine animale\u00a0? D\u00e9couvrez la quantit\u00e9 \u00e0 prendre et quelles prot\u00e9ines v\u00e9g\u00e9tales choisir pour votre musculation. Prendre du muscle gr\u00e2ce aux prot\u00e9ines v\u00e9g\u00e9tales, c\u2019est possible\u00a0? \u00a0\u00catre v\u00e9g\u00e9tarien\/v\u00e9g\u00e9talien et d\u00e9velopper sa masse musculaire est tout [&hellip;]<\/p>\n","protected":false},"author":1,"featured_media":0,"parent":309,"menu_order":2,"comment_status":"closed","ping_status":"closed","template":"page-vegan.php","meta":{"_seopress_robots_primary_cat":"","_seopress_titles_title":"Prot\u00e9ines v\u00e9g\u00e9tales et musculation","_seopress_titles_desc":"","_seopress_robots_index":"","footnotes":""},"class_list":["post-321","page","type-page","status-publish","hentry"],"_links":{"self":[{"href":"https:\/\/www.nuviline.fr\/info\/wp-json\/wp\/v2\/pages\/321","targetHints":{"allow":["GET"]}}],"collection":[{"href":"https:\/\/www.nuviline.fr\/info\/wp-json\/wp\/v2\/pages"}],"about":[{"href":"https:\/\/www.nuviline.fr\/info\/wp-json\/wp\/v2\/types\/page"}],"author":[{"embeddable":true,"href":"https:\/\/www.nuviline.fr\/info\/wp-json\/wp\/v2\/users\/1"}],"replies":[{"embeddable":true,"href":"https:\/\/www.nuviline.fr\/info\/wp-json\/wp\/v2\/comments?post=321"}],"version-history":[{"count":5,"href":"https:\/\/www.nuviline.fr\/info\/wp-json\/wp\/v2\/pages\/321\/revisions"}],"predecessor-version":[{"id":381,"href":"https:\/\/www.nuviline.fr\/info\/wp-json\/wp\/v2\/pages\/321\/revisions\/381"}],"up":[{"embeddable":true,"href":"https:\/\/www.nuviline.fr\/info\/wp-json\/wp\/v2\/pages\/309"}],"wp:attachment":[{"href":"https:\/\/www.nuviline.fr\/info\/wp-json\/wp\/v2\/media?parent=321"}],"curies":[{"name":"wp","href":"https:\/\/api.w.org\/{rel}","templated":true}]}}