{"id":30,"date":"2018-08-06T16:26:35","date_gmt":"2018-08-06T14:26:35","guid":{"rendered":"https:\/\/www.nuviline.fr\/info\/?page_id=30"},"modified":"2025-05-23T14:53:17","modified_gmt":"2025-05-23T12:53:17","slug":"qu-est-ce-que-le-collagene-marin","status":"publish","type":"page","link":"https:\/\/www.nuviline.fr\/info\/qu-est-ce-que-le-collagene-marin\/","title":{"rendered":"Qu\u2019est-ce que le collag\u00e8ne marin ?"},"content":{"rendered":"<h2>Le collag\u00e8ne marin, une prot\u00e9ine<\/h2>\n<p>Le collag\u00e8ne marin est une grosse mol\u00e9cule de type fibreuse qui entre en grande quantit\u00e9 dans la constitution <strong>des tissus conjonctifs<\/strong> de l\u2019organisme. C\u2019est la prot\u00e9ine la plus abondante du r\u00e8gne animal, repr\u00e9sentant environ <strong>30% des prot\u00e9ines globales<\/strong>. Le collag\u00e8ne comme toute prot\u00e9ine est constitu\u00e9 par des \u00e9l\u00e9ments \u00ab\u00a0briques\u00a0\u00bb appel\u00e9s <strong>acides amin\u00e9s<\/strong> assembl\u00e9s les uns aux autres selon la codification d\u00e9finie par notre ADN. On compte environ 1050 acides amin\u00e9s par mol\u00e9cule de collag\u00e8ne.<\/p>\n<p>Selon la composition en acides amin\u00e9s, on distingue <strong>diff\u00e9rents types de collag\u00e8ne<\/strong> dont le plus abondant est le <strong>type I<\/strong>, repr\u00e9sentant <strong>90% du collag\u00e8ne de notre organisme<\/strong> et pr\u00e9sent dans de nombreux tissus tels que les cartilages, les os, les tendons, la peau, la paroi des vaisseaux sanguins.<\/p>\n<p><img loading=\"lazy\" decoding=\"async\" class=\"alignnone wp-image-70 size-full\" src=\"https:\/\/www.nuviline.fr\/info\/wp-content\/uploads\/2018\/08\/collagene-poudre.jpg\" alt=\"Collag\u00e8ne en poudre\" width=\"870\" height=\"397\" srcset=\"https:\/\/www.nuviline.fr\/info\/wp-content\/uploads\/2018\/08\/collagene-poudre.jpg 870w, https:\/\/www.nuviline.fr\/info\/wp-content\/uploads\/2018\/08\/collagene-poudre-300x137.jpg 300w, https:\/\/www.nuviline.fr\/info\/wp-content\/uploads\/2018\/08\/collagene-poudre-768x350.jpg 768w\" sizes=\"auto, (max-width: 870px) 100vw, 870px\" \/><\/p>\n<h2>Son origine<\/h2>\n<p>Le collag\u00e8ne marin est extrait de peaux, d\u2019ar\u00eates ou d\u2019\u00e9cailles qui repr\u00e9sentent 30% des co-produits issus de la transformation des produits de la mer.<br \/>\nDisponible sous la forme de <strong>peptides hydrolys\u00e9s de collag\u00e8ne marin<\/strong> de faible poids mol\u00e9culaire, il a une action tr\u00e8s efficace sur le d\u00e9veloppement cellulaire et la r\u00e9g\u00e9n\u00e9ration des tissus, une excellente biocompatibilit\u00e9 et biod\u00e9gradabilit\u00e9.<\/p>\n<h2>Ses bienfaits<\/h2>\n<p><strong>Ce collag\u00e8ne de type I<\/strong> est celui qu&rsquo;on retrouve le plus dans l&rsquo;organisme humain.<br \/>\nLes principaux <a href=\"https:\/\/www.nuviline.fr\/info\/collagene-marin\/\">bienfaits du collag\u00e8ne marin<\/a> connus concernent la peau, les tissus conjonctifs et l&rsquo;ossature.<br \/>\nLe collag\u00e8ne de type I permet aussi de maintenir la souplesse et la force de la peau, des ligaments, des articulations, des os, des muscles, des tendons, des vaisseaux sanguins, des gencives, des yeux, des ongles et des cheveux.<\/p>\n<h2>Sous quelle forme ?<\/h2>\n<p>Le <strong>collag\u00e8ne marin<\/strong> est disponible en cosm\u00e9tique sous forme de cr\u00e8me, ou en g\u00e9lules dans les compl\u00e9ments alimentaires.<br \/>\nMais il existe \u00e9galement sous la forme d\u2019un <strong>ingr\u00e9dient en poudre neutre de peptides hydrolys\u00e9s<\/strong> \u00e0 ajouter aux pr\u00e9parations, boissons et aliments de votre choix pour les enrichir en collag\u00e8ne.<\/p>\n<h2 class=\"article-h1\">Les diff\u00e9rents types de collag\u00e8ne<\/h2>\n<p>Dans l\u2019organisme, selon les cellules, tissus et matrices prot\u00e9iques consid\u00e9r\u00e9s, les combinaisons des \u00e9l\u00e9ments \u00ab\u00a0briques\u00a0\u00bb appel\u00e9s acides amin\u00e9s peuvent \u00eatre diff\u00e9rentes, conduisant \u00e0 des structures et des fonctions propres.<br \/>\nAinsi la prot\u00e9ine de <strong>collag\u00e8ne <\/strong>est classifi\u00e9e sous diff\u00e9rents types :<\/p>\n<ul>\n<li>le collag\u00e8ne de<strong> type I<\/strong>, le plus abondant, se trouve dans la <strong>peau<\/strong>, les <strong>tendons<\/strong>, et beaucoup dans le<strong> tissu osseux\u00a0<\/strong>;<\/li>\n<li>le collag\u00e8ne de type II se trouve dans les cartilages\u00a0;<\/li>\n<li>le collag\u00e8ne de<strong> type III<\/strong> dans les <strong>muscles <\/strong>et les <strong>parois des vaisseaux<\/strong><\/li>\n<\/ul>\n<p>Article compl\u00e9mentaire : <a href=\"https:\/\/www.nuviline.fr\/info\/collagene-marin-et-acide-hyaluronique-deux-allies-anti-age-efficaces\/\">Le collag\u00e8ne marin et l&rsquo;acide hyaluronique, compl\u00e9ments alimentaires anti-\u00e2ge <\/a><\/p>\n<p>&nbsp;<\/p>\n","protected":false},"excerpt":{"rendered":"<p>Le collag\u00e8ne marin, une prot\u00e9ine Le collag\u00e8ne marin est une grosse mol\u00e9cule de type fibreuse qui entre en grande quantit\u00e9 dans la constitution des tissus conjonctifs de l\u2019organisme. C\u2019est la prot\u00e9ine la plus abondante du r\u00e8gne animal, repr\u00e9sentant environ 30% des prot\u00e9ines globales. Le collag\u00e8ne comme toute prot\u00e9ine est constitu\u00e9 par des \u00e9l\u00e9ments \u00ab\u00a0briques\u00a0\u00bb appel\u00e9s [&hellip;]<\/p>\n","protected":false},"author":1,"featured_media":0,"parent":39,"menu_order":2,"comment_status":"closed","ping_status":"closed","template":"page-coll.php","meta":{"_seopress_robots_primary_cat":"","_seopress_titles_title":"Qu\u2019est-ce que le collag\u00e8ne marin ?","_seopress_titles_desc":"Le collag\u00e8ne marin a une action tr\u00e8s efficace pour la beaut\u00e9 de la peau, pour les articulations. Disponible sous la forme de peptides hydrolys\u00e9s de collag\u00e8ne marin de faible poids mol\u00e9culaire, il a une action tr\u00e8s efficace sur le d\u00e9veloppement cellulaire et la r\u00e9g\u00e9n\u00e9ration des tissus, une excellente biocompatibilit\u00e9 et biod\u00e9gradabilit\u00e9.","_seopress_robots_index":"","footnotes":""},"class_list":["post-30","page","type-page","status-publish","hentry"],"_links":{"self":[{"href":"https:\/\/www.nuviline.fr\/info\/wp-json\/wp\/v2\/pages\/30","targetHints":{"allow":["GET"]}}],"collection":[{"href":"https:\/\/www.nuviline.fr\/info\/wp-json\/wp\/v2\/pages"}],"about":[{"href":"https:\/\/www.nuviline.fr\/info\/wp-json\/wp\/v2\/types\/page"}],"author":[{"embeddable":true,"href":"https:\/\/www.nuviline.fr\/info\/wp-json\/wp\/v2\/users\/1"}],"replies":[{"embeddable":true,"href":"https:\/\/www.nuviline.fr\/info\/wp-json\/wp\/v2\/comments?post=30"}],"version-history":[{"count":10,"href":"https:\/\/www.nuviline.fr\/info\/wp-json\/wp\/v2\/pages\/30\/revisions"}],"predecessor-version":[{"id":892,"href":"https:\/\/www.nuviline.fr\/info\/wp-json\/wp\/v2\/pages\/30\/revisions\/892"}],"up":[{"embeddable":true,"href":"https:\/\/www.nuviline.fr\/info\/wp-json\/wp\/v2\/pages\/39"}],"wp:attachment":[{"href":"https:\/\/www.nuviline.fr\/info\/wp-json\/wp\/v2\/media?parent=30"}],"curies":[{"name":"wp","href":"https:\/\/api.w.org\/{rel}","templated":true}]}}