{"id":204,"date":"2018-09-25T16:10:00","date_gmt":"2018-09-25T14:10:00","guid":{"rendered":"https:\/\/www.nuviline.fr\/info\/?page_id=204"},"modified":"2018-12-23T15:43:27","modified_gmt":"2018-12-23T14:43:27","slug":"sport-et-nutrition-vegan","status":"publish","type":"page","link":"https:\/\/www.nuviline.fr\/info\/sport-et-nutrition-vegan\/","title":{"rendered":"Sport et nutrition vegan"},"content":{"rendered":"<p>Peut-on \u00eatre sportif et vegan\u00a0? Pratiquer la musculation en ne prenant des <a href=\"https:\/\/www.nuviline.fr\/info\/les-proteines-vegetales-alternative-aux-proteines-animales\/\">prot\u00e9ines v\u00e9g\u00e9tales<\/a> et pas de prot\u00e9ines animales est-il efficace ? Etre vegan fait-il vraiment maigrir\u00a0?<br \/>\nTant de questions fr\u00e9quemment pos\u00e9es\u2026 Lors de tout effort physique, il est en effet important de bien r\u00e9guler son apport en prot\u00e9ines, glucides et lipides.<br \/>\nOr, <strong>une bonne nutrition avec une alimentation v\u00e9g\u00e9talienne est tout \u00e0 fait possible<\/strong>, de nombreux sportifs vegan en t\u00e9moignent\u00a0!<\/p>\n<p><img loading=\"lazy\" decoding=\"async\" class=\"alignnone size-full wp-image-210\" src=\"https:\/\/www.nuviline.fr\/info\/wp-content\/uploads\/2018\/09\/sportif-vegan-proteines-musculation.jpg\" alt=\"Sport alimentation vegan\" width=\"870\" height=\"500\" srcset=\"https:\/\/www.nuviline.fr\/info\/wp-content\/uploads\/2018\/09\/sportif-vegan-proteines-musculation.jpg 870w, https:\/\/www.nuviline.fr\/info\/wp-content\/uploads\/2018\/09\/sportif-vegan-proteines-musculation-300x172.jpg 300w, https:\/\/www.nuviline.fr\/info\/wp-content\/uploads\/2018\/09\/sportif-vegan-proteines-musculation-768x441.jpg 768w\" sizes=\"auto, (max-width: 870px) 100vw, 870px\" \/><\/p>\n<h2>Renforcer ses muscles\u00a0avec une alimentation vegan<\/h2>\n<p>Si vous souhaitez pratiquer la musculation ou un sport de mani\u00e8re intensive, vous devez savoir <strong>de quoi le muscle a besoin pour la prise de masse.<\/strong> Les besoins nutritionnels s\u2019expriment tout d\u2019abord en macronutriments, \u00e0 savoir les prot\u00e9ines, les lipides et les glucides.<\/p>\n<p>M\u00eame si les trois macronutriments doivent \u00eatre pr\u00e9sents dans son alimentation<strong>, le socle de la nutrition du sportif est la prot\u00e9ine<\/strong>. Celle-ci est l\u2019\u00e9l\u00e9ment de base de toutes les cellules et est la seule source d\u2019azote, \u00e9l\u00e9ment essentiel \u00e0 la vie. Les prot\u00e9ines composent le corps et se renouvellent en permanence selon ses besoins. Elles permettent tout particuli\u00e8rement de construire les muscles, mais aussi de cr\u00e9er et renouveler les tissus comme la peau, les ongles, les cheveux. Plus pr\u00e9cis\u00e9ment, ce sont les acides amin\u00e9s qu\u2019elles contiennent qui sont responsables du d\u00e9veloppement musculaire. Mais tous les acides amin\u00e9s n\u2019ont pas les m\u00eames fonctions. Certains, gr\u00e2ce \u00e0 leurs propri\u00e9t\u00e9s, conf\u00e8rent un int\u00e9r\u00eat particulier pour les pratiquants de la musculation, \u00e0 savoir la cr\u00e9atine, la glutamine et les fameux BCAA (la leucine, la valine et l\u2019isoleucine).<\/p>\n<p>Si vous pratiquez la musculation et souhaitez une prise de masse musculaire mod\u00e9r\u00e9e, <strong>votre besoin en prot\u00e9ines doit \u00eatre sup\u00e9rieur \u00e0 la moyenne, soit de 1,3g\/kg. <\/strong>Si votre but est de rester en bonne sant\u00e9 en gardant votre masse musculaire, votre apport en prot\u00e9ines devra \u00eatre de 0,8g\/kg\/jour.<\/p>\n<h2>Perdre<strong> du poids<\/strong><\/h2>\n<p>Si vous souhaitez maigrir, un r\u00e9gime prot\u00e9in\u00e9 est \u00e9galement ce qu\u2019il vous faut\u00a0! En effet, si vous diminuez seulement votre apport calorique (prot\u00e9ines, glucides et lipides confondues), vous ne perdrez pas automatiquement votre graisse mais d\u2019abord vos muscles\u2026Les muscles consomment \u00e9norm\u00e9ment de calories lors de leur utilisation. Or, si vous les aidez \u00e0 se d\u00e9velopper et \u00e0 se reconstituer notamment gr\u00e2ce aux prot\u00e9ines, lors de l\u2019effort, ce seront les muscles qui absorberont les calories. <strong>Plus vous aurez de muscle, plus vous \u00ab\u00a0br\u00fblerez\u00a0\u00bb de gras<\/strong>.<\/p>\n<p><strong>L\u2019apport recommand\u00e9 pour le r\u00e9gime minceur prot\u00e9in\u00e9 est de 1g\/kg\/jour.<\/strong><\/p>\n<h2><strong>L\u2019apport en prot\u00e9ines<\/strong> pour<strong> les v\u00e9g\u00e9taliens\/vegan<\/strong><\/h2>\n<p>Contrairement \u00e0 des croyances tr\u00e8s r\u00e9pandues, il est tout \u00e0 fait possible d\u2019avoir une activit\u00e9 sportive, m\u00eame intense, en ayant une alimentation uniquement v\u00e9g\u00e9tale, donc sans prot\u00e9ines animales. De nombreux <strong>sportifs de haut niveau<\/strong> sont d\u2019ailleurs v\u00e9g\u00e9taliens\u00a0: les bodybuilders Patrick Baboumian et Franck Medrano, l\u2019ultra-marathonien Scott Jurek, les s\u0153urs Williams pour n\u2019en citer que quelques-uns\u2026 Il suffit de remplacer les prot\u00e9ines issues de la viande ou du lait par des prot\u00e9ines v\u00e9g\u00e9tales, tout en prenant soin de varier les sources afin d\u2019obtenir les bons acides amin\u00e9s.<\/p>\n<h3>O\u00f9 trouver les prot\u00e9ines v\u00e9g\u00e9tales ?<\/h3>\n<p>Afin de fournir aux muscles les apports nutritionnels n\u00e9cessaires \u00e0 son bon d\u00e9veloppement, il faut d\u2019abord <strong>connaitre les aliments vegan riches en prot\u00e9ines<\/strong>. Voici quelques sources de prot\u00e9ines v\u00e9g\u00e9tales\u00a0:<\/p>\n<ul>\n<li><strong>Les l\u00e9gumineuses<\/strong> (lentilles, pois, f\u00e8ves, haricots rouges, noirs ou blancs, soja, etc.)\u00a0: elles pr\u00e9sentent l\u2019apport en prot\u00e9ines le plus \u00e9lev\u00e9, \u00e0 savoir jusqu\u2019\u00e0 25% de leurs poids (pour 100g d\u2019aliments, vous trouverez 25g de prot\u00e9ines). Citons l\u2019arachide (23% de prot\u00e9ines), le tempeh (18%), le steak de soja (15% de prot\u00e9ines), le tofu ferme (12,6%), les lentilles (10%) parmi les l\u00e9gumineuses les plus riches en prot\u00e9ines.<\/li>\n<li><strong>Les ol\u00e9agineux<\/strong>pr\u00e9sentent \u00e9galement des taux \u00e9lev\u00e9s de prot\u00e9ines\u00a0: en premi\u00e8re ligne les graines de courge (30%), les graines de lin (20%), les amandes (21%), les noix de cajou (18%).<\/li>\n<li><strong>Les c\u00e9r\u00e9ales<\/strong> sont \u00e0 privil\u00e9gier \u00e9galement avec en premi\u00e8re positions le seitan compos\u00e9 de gluten de bl\u00e9 (23%), le pain grill\u00e9 multi-c\u00e9r\u00e9ales (11%), le pain de mie complet (8%)<\/li>\n<\/ul>\n<p>A titre indicatif, la teneur en prot\u00e9ines de la dinde est d\u2019environ 30%, tandis que celle d\u2019un rumsteak de b\u0153uf est d\u2019environ 21%&#8230;.<\/p>\n<h3>Avoir le bon apport en acides amin\u00e9s<\/h3>\n<p>La principale difficult\u00e9 concernant les prot\u00e9ines v\u00e9g\u00e9tales consiste \u00e0 <strong>obtenir tous les acides amin\u00e9s essentiels<\/strong>, et plus pr\u00e9cis\u00e9ment <strong>la lysine et la m\u00e9thionine<\/strong>. Qualifi\u00e9es de sources de prot\u00e9ines incompl\u00e8tes, les l\u00e9gumineuses sont g\u00e9n\u00e9ralement d\u00e9ficientes en m\u00e9thionine, quand les c\u00e9r\u00e9ales sont pauvres en lysine. Afin d\u2019obtenir tous les acides amin\u00e9s n\u00e9cessaires \u00e0 une activit\u00e9 physique importante, il est donc n\u00e9cessaire de varier les apports prot\u00e9in\u00e9s.<\/p>\n<p>Le sport contribue \u00e0 une bonne sant\u00e9 g\u00e9n\u00e9rale, mais pour les moins sportifs, une alimentation v\u00e9g\u00e9tarienne est aussi un sujet, d\u00e9couvrez notre article : <a href=\"https:\/\/www.nuviline.fr\/info\/manger-vegan-danger-ou-bienfait-pour-la-sante\/\">Manger vegan, danger ou bienfait pour la sant\u00e9<\/a> . On y parle prot\u00e9ines, l\u00e9gumineuses, pois chiches, di\u00e8te vegan &#8230;<\/p>\n","protected":false},"excerpt":{"rendered":"<p>Peut-on \u00eatre sportif et vegan\u00a0? Pratiquer la musculation en ne prenant des prot\u00e9ines v\u00e9g\u00e9tales et pas de prot\u00e9ines animales est-il efficace ? Etre vegan fait-il vraiment maigrir\u00a0? Tant de questions fr\u00e9quemment pos\u00e9es\u2026 Lors de tout effort physique, il est en effet important de bien r\u00e9guler son apport en prot\u00e9ines, glucides et lipides. Or, une bonne [&hellip;]<\/p>\n","protected":false},"author":1,"featured_media":0,"parent":309,"menu_order":10,"comment_status":"closed","ping_status":"closed","template":"page-vegan.php","meta":{"_seopress_robots_primary_cat":"","_seopress_titles_title":"Sport et nutrition vegan","_seopress_titles_desc":"","_seopress_robots_index":"","footnotes":""},"class_list":["post-204","page","type-page","status-publish","hentry"],"_links":{"self":[{"href":"https:\/\/www.nuviline.fr\/info\/wp-json\/wp\/v2\/pages\/204","targetHints":{"allow":["GET"]}}],"collection":[{"href":"https:\/\/www.nuviline.fr\/info\/wp-json\/wp\/v2\/pages"}],"about":[{"href":"https:\/\/www.nuviline.fr\/info\/wp-json\/wp\/v2\/types\/page"}],"author":[{"embeddable":true,"href":"https:\/\/www.nuviline.fr\/info\/wp-json\/wp\/v2\/users\/1"}],"replies":[{"embeddable":true,"href":"https:\/\/www.nuviline.fr\/info\/wp-json\/wp\/v2\/comments?post=204"}],"version-history":[{"count":5,"href":"https:\/\/www.nuviline.fr\/info\/wp-json\/wp\/v2\/pages\/204\/revisions"}],"predecessor-version":[{"id":406,"href":"https:\/\/www.nuviline.fr\/info\/wp-json\/wp\/v2\/pages\/204\/revisions\/406"}],"up":[{"embeddable":true,"href":"https:\/\/www.nuviline.fr\/info\/wp-json\/wp\/v2\/pages\/309"}],"wp:attachment":[{"href":"https:\/\/www.nuviline.fr\/info\/wp-json\/wp\/v2\/media?parent=204"}],"curies":[{"name":"wp","href":"https:\/\/api.w.org\/{rel}","templated":true}]}}