{"id":187,"date":"2018-09-25T15:57:29","date_gmt":"2018-09-25T13:57:29","guid":{"rendered":"https:\/\/www.nuviline.fr\/info\/?page_id=187"},"modified":"2018-12-23T15:42:48","modified_gmt":"2018-12-23T14:42:48","slug":"manger-vegan-danger-ou-bienfait-pour-la-sante","status":"publish","type":"page","link":"https:\/\/www.nuviline.fr\/info\/manger-vegan-danger-ou-bienfait-pour-la-sante\/","title":{"rendered":"Manger vegan, danger ou bienfait pour la sant\u00e9 ?"},"content":{"rendered":"<p>On parle beaucoup des <strong>dangers du v\u00e9ganisme<\/strong>\u2026 Ne pas consommer de viande ni de lait apporterait son lot de carences en prot\u00e9ines, en fer, en calcium\u2026 Pourtant, la plupart d\u2019entre nous ne savent pas que l\u2019on peut trouver tous ces nutriments dans les l\u00e9gumes, les l\u00e9gumineuses, les fruits\u2026 Le r\u00e9gime vegan (ou v\u00e9g\u00e9talien) n\u2019est pas n\u00e9faste pour la sant\u00e9, s\u2019il est bien \u00e9quilibr\u00e9. Tout comme le r\u00e9gime omnivore en fait\u2026<\/p>\n<p><img loading=\"lazy\" decoding=\"async\" class=\"alignnone size-full wp-image-191\" src=\"https:\/\/www.nuviline.fr\/info\/wp-content\/uploads\/2018\/09\/regime-vegan-et-sante.jpg\" alt=\"R\u00e9gime vegan, bon pour la sant\u00e9\" width=\"870\" height=\"500\" srcset=\"https:\/\/www.nuviline.fr\/info\/wp-content\/uploads\/2018\/09\/regime-vegan-et-sante.jpg 870w, https:\/\/www.nuviline.fr\/info\/wp-content\/uploads\/2018\/09\/regime-vegan-et-sante-300x172.jpg 300w, https:\/\/www.nuviline.fr\/info\/wp-content\/uploads\/2018\/09\/regime-vegan-et-sante-768x441.jpg 768w\" sizes=\"auto, (max-width: 870px) 100vw, 870px\" \/><\/p>\n<h2>Le r\u00e9gime vegan, source de carences\u00a0?<\/h2>\n<h3>Prot\u00e9ines animales vs prot\u00e9ines v\u00e9g\u00e9tales<\/h3>\n<p>La premi\u00e8re id\u00e9e re\u00e7ue concernant le r\u00e9gime alimentaire vegan est qu\u2019il causerait des <strong>carences en prot\u00e9ines<\/strong>. De plus, les prot\u00e9ines animales seraient plus riches que les <a href=\"https:\/\/www.nuviline.fr\/info\/les-proteines-vegetales-alternative-aux-proteines-animales\/\">prot\u00e9ines v\u00e9g\u00e9tales<\/a>.<\/p>\n<p>En termes d\u2019apport quotidien, les prot\u00e9ines animales peuvent tout \u00e0 fait \u00eatre remplac\u00e9es par des prot\u00e9ines v\u00e9g\u00e9tales. Sachez qu\u2019en France, notre apport prot\u00e9in\u00e9 est g\u00e9n\u00e9ralement exc\u00e9dentaire par rapport \u00e0 nos besoins journaliers.<\/p>\n<p>En ce qui concerne la <strong>richesse nutritionnelle<\/strong>, cela est partiellement vrai. Explications\u00a0: les prot\u00e9ines contiennent les acides amin\u00e9s qui sont essentiels \u00e0 notre sant\u00e9. Ces 9 acides amin\u00e9s essentiels nous permettent de synth\u00e9tiser les 11 autres acides amin\u00e9s non essentiels. La <strong>proportion des acides amin\u00e9s<\/strong> est diff\u00e9rente selon la prot\u00e9ine ing\u00e9r\u00e9e. La prot\u00e9ine issue de la viande rouge n\u2019aura pas la m\u00eame proportion en acides amin\u00e9s que la prot\u00e9ine contenue dans le bl\u00e9, par exemple. C\u2019est pour cette raison qu\u2019il a longtemps \u00e9t\u00e9 conseill\u00e9 aux v\u00e9g\u00e9tariens d\u2019allier l\u00e9gumineuses et c\u00e9r\u00e9ales au cours d\u2019un m\u00eame repas. On sait maintenant que ce n\u2019est pas obligatoire, le faire au cours de la journ\u00e9e est suffisant.<\/p>\n<h3>Plus de produits laitiers\u2026 et le calcium\u00a0?<\/h3>\n<p>Contrairement \u00e0 ce que les grands groupes sugg\u00e8rent \u00e0 travers leurs publicit\u00e9s, <strong>le calcium ne se retrouve pas seulement dans les produits laitiers<\/strong>. Les sources de calcium sont nombreuses\u00a0: tofu, haricots secs, amandes, etc. L\u2019eau contient \u00e9galement du calcium\u00a0! En France, les besoins en calcium sont surestim\u00e9s en raison de la puissance de l\u2019industrie laiti\u00e8re\u00a0: de 900 \u00e0 1200 mg par jour sont conseill\u00e9s. Quant \u00e0 l\u2019OMS, elle pr\u00e9conise 500 mg de calcium par jour.<\/p>\n<h3>Et le fer alors\u00a0?<\/h3>\n<p>On le retrouve dans les l\u00e9gumineuses, les c\u00e9r\u00e9ales compl\u00e8tes et les fruits ol\u00e9agineux. Les lentilles et les haricots secs sont par exemple d\u2019<strong>excellentes sources de fer<\/strong>. Les v\u00e9g\u00e9taliens ne souffrent pas plus de carences en fer que les omnivores, m\u00eame s\u2019il est vrai que le fer issu des v\u00e9g\u00e9taux est moins biodisponible (facilement assimil\u00e9 dans l\u2019organisme) que celui issu de la viande rouge. Toutefois, il se trouve en quantit\u00e9 raisonnable dans un r\u00e9gime vegan. Pour en augmenter son assimilation, il faut le <strong>consommer avec de la vitamine C<\/strong>.<\/p>\n<p>La seule carence dans le r\u00e9gime vegan concerne la <strong>vitamine B12<\/strong>, que les vegan doivent prendre en suppl\u00e9ment.<\/p>\n<h2>Les bienfaits de la di\u00e8te vegan sur la sant\u00e9<\/h2>\n<p>Adopter une alimentation v\u00e9g\u00e9tarienne ou v\u00e9g\u00e9talienne a <strong>de nombreux b\u00e9n\u00e9fices pour la sant\u00e9<\/strong>. Ne plus consommer de viande ni de produits laitiers en faisant la part belle aux l\u00e9gumes et fruits r\u00e9duit les risques d\u2019ob\u00e9sit\u00e9, de diab\u00e8te, d\u2019hypertension art\u00e9rielle, du taux de cholest\u00e9rol et du risque de certains cancers (notamment le cancer du c\u00f4lon, de la prostate ou du sein).<\/p>\n<h3>La viande, pas si saine que \u00e7a<\/h3>\n<p>En 2015, le\u00a0Centre international de recherche sur le cancer\u00a0(CIRC), agence de l\u2019Organisation mondiale de la sant\u00e9 (OMS), a annonc\u00e9 le classement de la consommation de <strong>viande rouge comme\u00a0<em>\u00ab\u00a0probablement canc\u00e9rog\u00e8ne pour l\u2019homme\u00a0\u00bb<\/em><\/strong><em> et les viandes transform\u00e9es comme \u00ab\u00a0canc\u00e9rog\u00e8nes av\u00e9r\u00e9s\u00a0\u00bb. Outre le risque accru de cancer (c\u00f4lon, intestins, pancr\u00e9as) on sait que consommer de la viande, surtout rouge et en grande quantit\u00e9, augmente les risques de cholest\u00e9rol et de troubles cardio-vasculaires \u00e0 cause des graisses satur\u00e9es qu\u2019elle contient.<\/em><\/p>\n<h3>Les produits laitiers ne seraient pas nos amis<\/h3>\n<p>Le lait, tant pl\u00e9biscit\u00e9 dans les ann\u00e9es 50, fait maintenant l\u2019objet de <strong>grandes controverses<\/strong>. Outre le fait que le lait perturbe la digestion de certains adultes, ses prot\u00e9ines peuvent provoquer de graves allergies. Des \u00e9tudes \u00e9pid\u00e9miologiques ont d&rsquo;ailleurs soulign\u00e9 que les Occidentaux avaient plus de fractures que les Asiatiques qui ne consomment pas de lait de vache,\u00a0et certaines r\u00e9futent carr\u00e9ment les bienfaits du lait contre l\u2019ost\u00e9oporose\u2026<\/p>\n<h3>Plus de fibres, moins de graisses satur\u00e9es<\/h3>\n<p>Mincir en \u00e9tant vegan, rien de plus simple\u00a0! Ne plus consommer de viande r\u00e9duit la consommation de graisses satur\u00e9es contenues dans les prot\u00e9ines animales. Les fruits et l\u00e9gumes \u00e9tant riches en fibres, cela permet un <strong>fort pourvoir rassasiant et une meilleure digestion<\/strong>.<\/p>\n<h3>Vegan et sport ?<\/h3>\n<p>Pour aller plus loin, on sait que les sportifs ont besoin de consommer de plus de prot\u00e9ines. Sachez que le sport et une nutrition vegan sont compatibles pour atteindre des performances sportives de haut niveau.<\/p>\n<blockquote><p>En savoir plus : <a href=\"https:\/\/www.nuviline.fr\/info\/sport-et-nutrition-vegan\/\">Le sport et la nutrition vegan<\/a>. Vous y d\u00e9couvrirez que les prot\u00e9ines v\u00e9g\u00e9tales issues des fruits secs, pois chiches, graines de courges issue d&rsquo;une alimentation v\u00e9g\u00e9tarienne\u00a0 (ou des compl\u00e9ments alimentaires) permettent de pratiquer son sport favori sans restriction.<\/p><\/blockquote>\n","protected":false},"excerpt":{"rendered":"<p>On parle beaucoup des dangers du v\u00e9ganisme\u2026 Ne pas consommer de viande ni de lait apporterait son lot de carences en prot\u00e9ines, en fer, en calcium\u2026 Pourtant, la plupart d\u2019entre nous ne savent pas que l\u2019on peut trouver tous ces nutriments dans les l\u00e9gumes, les l\u00e9gumineuses, les fruits\u2026 Le r\u00e9gime vegan (ou v\u00e9g\u00e9talien) n\u2019est pas [&hellip;]<\/p>\n","protected":false},"author":1,"featured_media":0,"parent":309,"menu_order":8,"comment_status":"closed","ping_status":"closed","template":"page-vegan.php","meta":{"_seopress_robots_primary_cat":"","_seopress_titles_title":"Manger vegan, danger ou bienfait pour la sant\u00e9 ?","_seopress_titles_desc":"","_seopress_robots_index":"","footnotes":""},"class_list":["post-187","page","type-page","status-publish","hentry"],"_links":{"self":[{"href":"https:\/\/www.nuviline.fr\/info\/wp-json\/wp\/v2\/pages\/187","targetHints":{"allow":["GET"]}}],"collection":[{"href":"https:\/\/www.nuviline.fr\/info\/wp-json\/wp\/v2\/pages"}],"about":[{"href":"https:\/\/www.nuviline.fr\/info\/wp-json\/wp\/v2\/types\/page"}],"author":[{"embeddable":true,"href":"https:\/\/www.nuviline.fr\/info\/wp-json\/wp\/v2\/users\/1"}],"replies":[{"embeddable":true,"href":"https:\/\/www.nuviline.fr\/info\/wp-json\/wp\/v2\/comments?post=187"}],"version-history":[{"count":5,"href":"https:\/\/www.nuviline.fr\/info\/wp-json\/wp\/v2\/pages\/187\/revisions"}],"predecessor-version":[{"id":409,"href":"https:\/\/www.nuviline.fr\/info\/wp-json\/wp\/v2\/pages\/187\/revisions\/409"}],"up":[{"embeddable":true,"href":"https:\/\/www.nuviline.fr\/info\/wp-json\/wp\/v2\/pages\/309"}],"wp:attachment":[{"href":"https:\/\/www.nuviline.fr\/info\/wp-json\/wp\/v2\/media?parent=187"}],"curies":[{"name":"wp","href":"https:\/\/api.w.org\/{rel}","templated":true}]}}